{"id":151,"date":"2023-03-06T14:41:44","date_gmt":"2023-03-06T14:41:44","guid":{"rendered":"http:\/\/www.omni-lexis.pl\/pp_wordpress\/?page_id=151"},"modified":"2025-11-01T09:34:47","modified_gmt":"2025-11-01T09:34:47","slug":"blog","status":"publish","type":"page","link":"http:\/\/www.omni-lexis.pl\/index.php\/blog\/","title":{"rendered":"Samouczek"},"content":{"rendered":"\n<p>Dzia\u0142 w trakcie tworzenia. Z czasem znajdzie si\u0119 tu mini kurs do nauki podstaw angielskiego. <\/p>\n\n\n\n<ul>\n<li><a href=\"http:\/\/www.omni-lexis.pl\/flashcards\/irregular.html\" data-type=\"URL\" data-id=\"http:\/\/www.omni-lexis.pl\/flashcards\/irregular.html\">Czasowniki nieregularne &#8211; fiszki<\/a><\/li>\n\n\n\n<li><a href=\"http:\/\/www.omni-lexis.pl\/flashcards\/irregular_quiz.html\" data-type=\"URL\" data-id=\"http:\/\/www.omni-lexis.pl\/flashcards\/irregular_quiz.html\">Czasowniki nieregularne &#8211; quiz<\/a><\/li>\n<\/ul>\n\n\n\n<p>Tymczasem zapraszam do zapoznania si\u0119 z ofert\u0105 oraz do kontaktu.<\/p>\n\n\n<ul class=\"wp-block-latest-posts__list wp-block-latest-posts\"><li><a class=\"wp-block-latest-posts__post-title\" href=\"http:\/\/www.omni-lexis.pl\/index.php\/2023\/01\/08\/hello-world\/\">Hello world!<\/a><\/li>\n<\/ul>","protected":false},"excerpt":{"rendered":"<p>Dzia\u0142 w trakcie tworzenia. Z czasem znajdzie si\u0119 tu mini kurs do nauki podstaw angielskiego. Tymczasem zapraszam do zapoznania si\u0119 z ofert\u0105 oraz do kontaktu.<\/p>\n","protected":false},"author":1,"featured_media":0,"parent":0,"menu_order":0,"comment_status":"closed","ping_status":"closed","template":"","meta":[],"_links":{"self":[{"href":"http:\/\/www.omni-lexis.pl\/index.php\/wp-json\/wp\/v2\/pages\/151"}],"collection":[{"href":"http:\/\/www.omni-lexis.pl\/index.php\/wp-json\/wp\/v2\/pages"}],"about":[{"href":"http:\/\/www.omni-lexis.pl\/index.php\/wp-json\/wp\/v2\/types\/page"}],"author":[{"embeddable":true,"href":"http:\/\/www.omni-lexis.pl\/index.php\/wp-json\/wp\/v2\/users\/1"}],"replies":[{"embeddable":true,"href":"http:\/\/www.omni-lexis.pl\/index.php\/wp-json\/wp\/v2\/comments?post=151"}],"version-history":[{"count":6,"href":"http:\/\/www.omni-lexis.pl\/index.php\/wp-json\/wp\/v2\/pages\/151\/revisions"}],"predecessor-version":[{"id":404,"href":"http:\/\/www.omni-lexis.pl\/index.php\/wp-json\/wp\/v2\/pages\/151\/revisions\/404"}],"wp:attachment":[{"href":"http:\/\/www.omni-lexis.pl\/index.php\/wp-json\/wp\/v2\/media?parent=151"}],"curies":[{"name":"wp","href":"https:\/\/api.w.org\/{rel}","templated":true}]}}