{"id":19,"date":"2023-01-10T14:28:53","date_gmt":"2023-01-10T14:28:53","guid":{"rendered":"http:\/\/www.omni-lexis.pl\/pp_wordpress\/?page_id=19"},"modified":"2026-01-07T10:50:16","modified_gmt":"2026-01-07T10:50:16","slug":"oferta","status":"publish","type":"page","link":"http:\/\/www.omni-lexis.pl\/index.php\/oferta\/","title":{"rendered":"Oferta"},"content":{"rendered":"\n<figure class=\"wp-block-image size-full\"><img decoding=\"async\" loading=\"lazy\" width=\"300\" height=\"100\" src=\"http:\/\/www.omni-lexis.pl\/wp-content\/uploads\/2023\/03\/button_oferta-1.png\" alt=\"\" class=\"wp-image-278\"\/><\/figure>\n\n\n\n<p class=\"has-text-align-center has-large-font-size\"><br><strong>Zaj\u0119cia on-line<\/strong><\/p>\n\n\n\n<p class=\"has-text-align-center has-medium-font-size\">(ceny brutto za 60 minut ; nie obowi\u0105zuje podatek VAT)<\/p>\n\n\n\n<figure class=\"wp-block-table is-style-stripes has-small-font-size\" style=\"margin-top:0;margin-right:0;margin-bottom:0;margin-left:0;padding-top:0;padding-right:0;padding-bottom:0;padding-left:0\"><table class=\"has-fixed-layout\" style=\"border-style:none;border-width:0px\"><thead><tr><th class=\"has-text-align-center\" data-align=\"center\"><strong>Rodzaj zaj\u0119\u0107<\/strong><\/th><th class=\"has-text-align-center\" data-align=\"center\"><strong>1-1<\/strong><\/th><th class=\"has-text-align-center\" data-align=\"center\"><strong>grupa 2 os.<\/strong><\/th><th class=\"has-text-align-center\" data-align=\"center\"><strong>grupa 3 os.<\/strong><\/th><\/tr><\/thead><tbody><tr><td class=\"has-text-align-center\" data-align=\"center\">Angielski og\u00f3lny \/ matura<\/td><td class=\"has-text-align-center\" data-align=\"center\">140,00 z\u0142<\/td><td class=\"has-text-align-center\" data-align=\"center\">100,00 z\u0142<\/td><td class=\"has-text-align-center\" data-align=\"center\">90,00 z\u0142<\/td><\/tr><tr><td class=\"has-text-align-center\" data-align=\"center\">Egzaminy <br>FCE \/ CAE \/ IELTS<\/td><td class=\"has-text-align-center\" data-align=\"center\">140,00 z\u0142<\/td><td class=\"has-text-align-center\" data-align=\"center\">100,00 z\u0142<\/td><td class=\"has-text-align-center\" data-align=\"center\">90,00 z\u0142<\/td><\/tr><tr><td class=\"has-text-align-center\" data-align=\"center\">Angielski bran\u017cowy <\/td><td class=\"has-text-align-center\" data-align=\"center\">150,00 z\u0142<\/td><td class=\"has-text-align-center\" data-align=\"center\">110,00 z\u0142<\/td><td class=\"has-text-align-center\" data-align=\"center\">100,00 z\u0142<\/td><\/tr><tr><td class=\"has-text-align-center\" data-align=\"center\">Legal English<\/td><td class=\"has-text-align-center\" data-align=\"center\">160,00 z\u0142<\/td><td class=\"has-text-align-center\" data-align=\"center\">120,00 z\u0142<\/td><td class=\"has-text-align-center\" data-align=\"center\">110,00 z\u0142<\/td><\/tr><\/tbody><\/table><\/figure>\n\n\n\n<p class=\"has-text-align-center has-small-font-size\" style=\"font-style:normal;font-weight:900\"><br><br><br><br><\/p>\n\n\n\n<p class=\"has-text-align-center has-large-font-size\" style=\"margin-top:0;margin-right:0;margin-bottom:0;margin-left:0;padding-top:0;padding-right:0;padding-bottom:0;padding-left:0\"><strong><strong>T\u0142umaczenia<\/strong><\/strong> \/ <strong>Translations<\/strong><\/p>\n\n\n\n<p class=\"has-text-align-center has-medium-font-size\">od 70,00 z\u0142 za stron\u0119 rozliczeniow\u0105 (1500 znak\u00f3w ze spacjami) <\/p>\n\n\n\n<p class=\"has-text-align-center has-medium-font-size\">from 70,00 PLN per standard translation page (1500 characters with spaces)<br><br><br><\/p>\n\n\n\n<p class=\"has-text-align-center has-large-font-size\"><strong><strong>Korekty<\/strong><\/strong> \/ <strong>Proofreading<\/strong><\/p>\n\n\n\n<p class=\"has-text-align-center has-medium-font-size\">od 50,00 z\u0142 za stron\u0119 rozliczeniow\u0105 (1500 znak\u00f3w ze spacjami)<\/p>\n\n\n\n<p class=\"has-text-align-center\">from 50,00 PLN per standard translation page (1500 characters with spaces)<br><br><br><\/p>\n","protected":false},"excerpt":{"rendered":"<p>Zaj\u0119cia on-line (ceny brutto za 60 minut ; nie obowi\u0105zuje podatek VAT) Rodzaj zaj\u0119\u0107 1-1 grupa 2 os. grupa 3 os. Angielski og\u00f3lny \/ matura 140,00 z\u0142 100,00 z\u0142 90,00 z\u0142 Egzaminy FCE \/ CAE \/ IELTS 140,00 z\u0142 100,00 z\u0142 90,00 z\u0142 Angielski bran\u017cowy 150,00 z\u0142 110,00 z\u0142 100,00 z\u0142 Legal English 160,00 z\u0142 [&hellip;]<\/p>\n","protected":false},"author":1,"featured_media":0,"parent":0,"menu_order":0,"comment_status":"closed","ping_status":"closed","template":"","meta":[],"_links":{"self":[{"href":"http:\/\/www.omni-lexis.pl\/index.php\/wp-json\/wp\/v2\/pages\/19"}],"collection":[{"href":"http:\/\/www.omni-lexis.pl\/index.php\/wp-json\/wp\/v2\/pages"}],"about":[{"href":"http:\/\/www.omni-lexis.pl\/index.php\/wp-json\/wp\/v2\/types\/page"}],"author":[{"embeddable":true,"href":"http:\/\/www.omni-lexis.pl\/index.php\/wp-json\/wp\/v2\/users\/1"}],"replies":[{"embeddable":true,"href":"http:\/\/www.omni-lexis.pl\/index.php\/wp-json\/wp\/v2\/comments?post=19"}],"version-history":[{"count":36,"href":"http:\/\/www.omni-lexis.pl\/index.php\/wp-json\/wp\/v2\/pages\/19\/revisions"}],"predecessor-version":[{"id":407,"href":"http:\/\/www.omni-lexis.pl\/index.php\/wp-json\/wp\/v2\/pages\/19\/revisions\/407"}],"wp:attachment":[{"href":"http:\/\/www.omni-lexis.pl\/index.php\/wp-json\/wp\/v2\/media?parent=19"}],"curies":[{"name":"wp","href":"https:\/\/api.w.org\/{rel}","templated":true}]}}