{"id":2,"date":"2023-01-08T18:37:09","date_gmt":"2023-01-08T18:37:09","guid":{"rendered":"http:\/\/www.omni-lexis.pl\/pp_wordpress\/?page_id=2"},"modified":"2023-11-09T16:19:14","modified_gmt":"2023-11-09T16:19:14","slug":"sample-page","status":"publish","type":"page","link":"http:\/\/www.omni-lexis.pl\/","title":{"rendered":"HOME"},"content":{"rendered":"\n<div class=\"wp-block-columns alignwide is-layout-flex wp-container-4\">\n<div class=\"wp-block-column has-border-color is-layout-flow\" style=\"border-color:#012169;border-style:solid;border-width:4px;padding-top:2em;padding-right:2em;padding-bottom:2em;padding-left:2em\">\n<figure class=\"wp-block-image aligncenter size-medium\"><img decoding=\"async\" loading=\"lazy\" width=\"300\" height=\"100\" src=\"http:\/\/www.omni-lexis.pl\/wp-content\/uploads\/2023\/04\/1st-1-300x100.png\" alt=\"\" class=\"wp-image-357\" srcset=\"http:\/\/www.omni-lexis.pl\/wp-content\/uploads\/2023\/04\/1st-1-300x100.png 300w, http:\/\/www.omni-lexis.pl\/wp-content\/uploads\/2023\/04\/1st-1.png 600w\" sizes=\"(max-width: 300px) 100vw, 300px\" \/><\/figure>\n\n\n\n<h1 class=\"wp-block-heading\" id=\"single\" style=\"font-size:clamp(18.75px, 1.172rem + ((1vw - 7.68px) * 0.751), 25px);\"><strong>CIEKAWE KONWERSACJE<\/strong> <strong>WY\u0141\u0104CZNIE PO ANGIELSKU<\/strong><\/h1>\n\n\n\n<hr class=\"wp-block-separator has-text-color has-alpha-channel-opacity has-background is-style-wide\" style=\"background-color:#012169;color:#012169\"\/>\n\n\n\n<p class=\"has-text-align-left\">Od samego pocz\u0105tku rozmawiamy wy\u0142\u0105cznie po angielsku o Twoich zainteresowaniach, tematach z \u017cycia oraz bran\u017cy. <\/p>\n\n\n\n<p>U\u017cywamy przydatnego Tobie s\u0142ownictwa oraz niezb\u0119dnych czas\u00f3w gramatycznych.<\/p>\n<\/div>\n\n\n\n<div class=\"wp-block-column has-border-color is-layout-flow\" style=\"border-color:#012169;border-width:4px;padding-top:2em;padding-right:2em;padding-bottom:2em;padding-left:2em\">\n<figure class=\"wp-block-image aligncenter size-full is-resized\"><img decoding=\"async\" loading=\"lazy\" src=\"http:\/\/www.omni-lexis.pl\/wp-content\/uploads\/2023\/04\/materials.png\" alt=\"\" class=\"wp-image-337\" width=\"200\" height=\"100\" srcset=\"http:\/\/www.omni-lexis.pl\/wp-content\/uploads\/2023\/04\/materials.png 400w, http:\/\/www.omni-lexis.pl\/wp-content\/uploads\/2023\/04\/materials-300x150.png 300w\" sizes=\"(max-width: 200px) 100vw, 200px\" \/><\/figure>\n\n\n\n<h1 class=\"wp-block-heading\" id=\"family\" style=\"font-size:clamp(18.75px, 1.172rem + ((1vw - 7.68px) * 0.751), 25px);font-style:normal;font-weight:500\"><strong>PRAKTYCZNE<\/strong> <strong>ZAJ\u0118CIA<\/strong> <\/h1>\n\n\n\n<hr class=\"wp-block-separator has-text-color has-alpha-channel-opacity has-background is-style-wide\" style=\"background-color:#012169;color:#012169\"\/>\n\n\n\n<p>Na zaj\u0119ciach omawiamy dostarczane wcze\u015bniej, indywidualnie dobrane materia\u0142y audio-wizualne. <\/p>\n\n\n\n<p>Po zaj\u0119ciach udost\u0119pniane s\u0105 interaktywne fiszki.<\/p>\n<\/div>\n\n\n\n<div class=\"wp-block-column has-border-color is-layout-flow\" style=\"border-color:#012169;border-width:4px;padding-top:2em;padding-right:2em;padding-bottom:2em;padding-left:2em\">\n<figure class=\"wp-block-image aligncenter size-medium\"><img decoding=\"async\" loading=\"lazy\" width=\"300\" height=\"100\" src=\"http:\/\/www.omni-lexis.pl\/wp-content\/uploads\/2023\/04\/3rd-300x100.png\" alt=\"\" class=\"wp-image-367\" srcset=\"http:\/\/www.omni-lexis.pl\/wp-content\/uploads\/2023\/04\/3rd-300x100.png 300w, http:\/\/www.omni-lexis.pl\/wp-content\/uploads\/2023\/04\/3rd.png 600w\" sizes=\"(max-width: 300px) 100vw, 300px\" \/><\/figure>\n\n\n\n<h1 class=\"wp-block-heading\" id=\"patron\" style=\"font-size:clamp(18.75px, 1.172rem + ((1vw - 7.68px) * 0.751), 25px);\"><strong>PRZYJEMNIE I<\/strong><br><strong>EFEKTYWNIE<\/strong><\/h1>\n\n\n\n<hr class=\"wp-block-separator has-text-color has-alpha-channel-opacity has-background is-style-wide\" style=\"background-color:#012169;color:#012169\"\/>\n\n\n\n<p>Dzi\u0119ki holistycznej metodzie oraz wspieraj\u0105cemu podej\u015bciu nabierasz swobody, p\u0142ynno\u015bci oraz pewno\u015bci siebie w m\u00f3wieniu i u\u017cywasz poprawnej wymowy.<\/p>\n<\/div>\n<\/div>\n\n\n\n<div class=\"wp-block-columns alignwide is-layout-flex wp-container-8\">\n<div class=\"wp-block-column has-border-color is-layout-flow\" style=\"border-color:#012169;border-width:4px;padding-top:2em;padding-right:2em;padding-bottom:2em;padding-left:2em\">\n<figure class=\"wp-block-image aligncenter size-medium\"><img decoding=\"async\" loading=\"lazy\" width=\"300\" height=\"100\" src=\"http:\/\/www.omni-lexis.pl\/wp-content\/uploads\/2023\/04\/4th-300x100.png\" alt=\"\" class=\"wp-image-360\" srcset=\"http:\/\/www.omni-lexis.pl\/wp-content\/uploads\/2023\/04\/4th-300x100.png 300w, http:\/\/www.omni-lexis.pl\/wp-content\/uploads\/2023\/04\/4th.png 600w\" sizes=\"(max-width: 300px) 100vw, 300px\" \/><\/figure>\n\n\n\n<h1 class=\"wp-block-heading\" id=\"single\" style=\"font-size:clamp(18.75px, 1.172rem + ((1vw - 7.68px) * 0.751), 25px);\"><strong>WED\u0141UG TWOICH POTRZEB<\/strong><\/h1>\n\n\n\n<hr class=\"wp-block-separator has-text-color has-alpha-channel-opacity has-background is-style-wide\" style=\"background-color:#012169;color:#012169\"\/>\n\n\n\n<ul>\n<li>J\u0119zyk og\u00f3lny, bran\u017cowy, akademicki,  prawniczy<\/li>\n\n\n\n<li>Kadra zarz\u0105dzaj\u0105ca<\/li>\n\n\n\n<li>Angielski na wakacje, rozmowa o prac\u0119, spotkania biznesowe, raporty, e-maile etc.<\/li>\n\n\n\n<li>Przygotowanie do egzamin\u00f3w j\u0119zykowych <\/li>\n<\/ul>\n<\/div>\n\n\n\n<div class=\"wp-block-column has-border-color is-layout-flow\" style=\"border-color:#012169;border-width:4px;padding-top:2em;padding-right:2em;padding-bottom:2em;padding-left:2em\">\n<figure class=\"wp-block-image size-medium\"><img decoding=\"async\" loading=\"lazy\" width=\"300\" height=\"100\" src=\"http:\/\/www.omni-lexis.pl\/wp-content\/uploads\/2023\/04\/5th-300x100.png\" alt=\"\" class=\"wp-image-363\" srcset=\"http:\/\/www.omni-lexis.pl\/wp-content\/uploads\/2023\/04\/5th-300x100.png 300w, http:\/\/www.omni-lexis.pl\/wp-content\/uploads\/2023\/04\/5th.png 600w\" sizes=\"(max-width: 300px) 100vw, 300px\" \/><\/figure>\n\n\n\n<h1 class=\"wp-block-heading\" id=\"family\" style=\"font-size:clamp(18.75px, 1.172rem + ((1vw - 7.68px) * 0.751), 25px);font-style:normal;font-weight:500\"><strong>PO TROCHU ALE CZ\u0118\u015aCIEJ<\/strong><\/h1>\n\n\n\n<hr class=\"wp-block-separator has-text-color has-alpha-channel-opacity has-background is-style-wide\" style=\"background-color:#012169;color:#012169\"\/>\n\n\n\n<p>Mo\u017cliwo\u015b\u0107 kr\u00f3tszych zaj\u0119\u0107 konwersacyjnych 2 lub 3 razy w tygodniu<\/p>\n<\/div>\n\n\n\n<div class=\"wp-block-column has-border-color is-layout-flow\" style=\"border-color:#012169;border-width:4px;padding-top:2em;padding-right:2em;padding-bottom:2em;padding-left:2em\">\n<figure class=\"wp-block-image aligncenter size-medium\"><img decoding=\"async\" loading=\"lazy\" width=\"300\" height=\"100\" src=\"http:\/\/www.omni-lexis.pl\/wp-content\/uploads\/2023\/04\/6th-1-300x100.png\" alt=\"\" class=\"wp-image-372\" srcset=\"http:\/\/www.omni-lexis.pl\/wp-content\/uploads\/2023\/04\/6th-1-300x100.png 300w, http:\/\/www.omni-lexis.pl\/wp-content\/uploads\/2023\/04\/6th-1.png 600w\" sizes=\"(max-width: 300px) 100vw, 300px\" \/><\/figure>\n\n\n\n<h1 class=\"wp-block-heading\" id=\"patron\" style=\"font-size:clamp(18.75px, 1.172rem + ((1vw - 7.68px) * 0.751), 25px);\"><strong>T\u0141UMACZENIA I KOREKTY<\/strong><br><br><strong>TRANSLATIONS AND PROOFREADING<\/strong><br><br><strong>(PL-EN \/ EN-PL)<\/strong><\/h1>\n\n\n\n<hr class=\"wp-block-separator has-text-color has-alpha-channel-opacity has-background is-style-wide\" style=\"background-color:#012169;color:#012169\"\/>\n\n\n\n<p>Teksty u\u017cytkowe i specjalistyczne <br><br>Commercial and specialist texts<\/p>\n<\/div>\n<\/div>\n\n\n\n<p class=\"has-text-align-center has-large-font-size\"><br>Zapraszam do zapoznania si\u0119 z <br><strong><a href=\"http:\/\/www.omni-lexis.pl\/index.php\/oferta\/\" data-type=\"page\" data-id=\"19\">ofert\u0105<\/a><\/strong> \/ <a href=\"http:\/\/www.omni-lexis.pl\/index.php\/oferta\/\" data-type=\"page\" data-id=\"19\">the offer<\/a><br><br><\/p>\n","protected":false},"excerpt":{"rendered":"<p>CIEKAWE KONWERSACJE WY\u0141\u0104CZNIE PO ANGIELSKU Od samego pocz\u0105tku rozmawiamy wy\u0142\u0105cznie po angielsku o Twoich zainteresowaniach, tematach z \u017cycia oraz bran\u017cy. U\u017cywamy przydatnego Tobie s\u0142ownictwa oraz niezb\u0119dnych czas\u00f3w gramatycznych. PRAKTYCZNE ZAJ\u0118CIA Na zaj\u0119ciach omawiamy dostarczane wcze\u015bniej, indywidualnie dobrane materia\u0142y audio-wizualne. Po zaj\u0119ciach udost\u0119pniane s\u0105 interaktywne fiszki. PRZYJEMNIE IEFEKTYWNIE Dzi\u0119ki holistycznej metodzie oraz wspieraj\u0105cemu podej\u015bciu nabierasz swobody, [&hellip;]<\/p>\n","protected":false},"author":1,"featured_media":252,"parent":0,"menu_order":0,"comment_status":"closed","ping_status":"open","template":"","meta":[],"_links":{"self":[{"href":"http:\/\/www.omni-lexis.pl\/index.php\/wp-json\/wp\/v2\/pages\/2"}],"collection":[{"href":"http:\/\/www.omni-lexis.pl\/index.php\/wp-json\/wp\/v2\/pages"}],"about":[{"href":"http:\/\/www.omni-lexis.pl\/index.php\/wp-json\/wp\/v2\/types\/page"}],"author":[{"embeddable":true,"href":"http:\/\/www.omni-lexis.pl\/index.php\/wp-json\/wp\/v2\/users\/1"}],"replies":[{"embeddable":true,"href":"http:\/\/www.omni-lexis.pl\/index.php\/wp-json\/wp\/v2\/comments?post=2"}],"version-history":[{"count":58,"href":"http:\/\/www.omni-lexis.pl\/index.php\/wp-json\/wp\/v2\/pages\/2\/revisions"}],"predecessor-version":[{"id":394,"href":"http:\/\/www.omni-lexis.pl\/index.php\/wp-json\/wp\/v2\/pages\/2\/revisions\/394"}],"wp:featuredmedia":[{"embeddable":true,"href":"http:\/\/www.omni-lexis.pl\/index.php\/wp-json\/wp\/v2\/media\/252"}],"wp:attachment":[{"href":"http:\/\/www.omni-lexis.pl\/index.php\/wp-json\/wp\/v2\/media?parent=2"}],"curies":[{"name":"wp","href":"https:\/\/api.w.org\/{rel}","templated":true}]}}