{"id":23,"date":"2023-01-10T14:29:54","date_gmt":"2023-01-10T14:29:54","guid":{"rendered":"http:\/\/www.omni-lexis.pl\/pp_wordpress\/?page_id=23"},"modified":"2023-04-25T19:31:31","modified_gmt":"2023-04-25T19:31:31","slug":"o-mnie","status":"publish","type":"page","link":"http:\/\/www.omni-lexis.pl\/index.php\/o-mnie\/","title":{"rendered":"O mnie"},"content":{"rendered":"\n<figure class=\"wp-block-image size-full\"><img decoding=\"async\" loading=\"lazy\" width=\"300\" height=\"100\" src=\"http:\/\/www.omni-lexis.pl\/wp-content\/uploads\/2023\/03\/button_omnie-1.png\" alt=\"\" class=\"wp-image-277\"\/><\/figure>\n\n\n\n<p><br><br><strong>Nauczanie j\u0119zyka angielskiego jest moj\u0105 pasj\u0105. <\/strong>Bardzo istotny jest dla mnie efektywny rozw\u00f3j Twoich umiej\u0119tno\u015bci j\u0119zykowych &#8211; zawsze mo\u017cesz liczy\u0107 na moje zaanga\u017cowanie, wsparcie oraz elastyczno\u015b\u0107.<br><br><\/p>\n\n\n\n<hr class=\"wp-block-separator has-text-color has-alpha-channel-opacity has-background is-style-wide\" style=\"background-color:#33e5cc;color:#33e5cc\"\/>\n\n\n\n<p><br><\/p>\n\n\n\n<div class=\"wp-block-columns are-vertically-aligned-top is-layout-flex wp-container-3\">\n<div class=\"wp-block-column is-vertically-aligned-top is-layout-flow\">\n<figure class=\"wp-block-image aligncenter size-large\"><img decoding=\"async\" loading=\"lazy\" width=\"668\" height=\"1024\" src=\"http:\/\/www.omni-lexis.pl\/pp_wordpress\/wp-content\/uploads\/2023\/03\/profilowe-2-668x1024.jpg\" alt=\"\" class=\"wp-image-257\" srcset=\"http:\/\/www.omni-lexis.pl\/wp-content\/uploads\/2023\/03\/profilowe-2-668x1024.jpg 668w, http:\/\/www.omni-lexis.pl\/wp-content\/uploads\/2023\/03\/profilowe-2-196x300.jpg 196w, http:\/\/www.omni-lexis.pl\/wp-content\/uploads\/2023\/03\/profilowe-2-768x1178.jpg 768w, http:\/\/www.omni-lexis.pl\/wp-content\/uploads\/2023\/03\/profilowe-2-1002x1536.jpg 1002w, http:\/\/www.omni-lexis.pl\/wp-content\/uploads\/2023\/03\/profilowe-2-1336x2048.jpg 1336w, http:\/\/www.omni-lexis.pl\/wp-content\/uploads\/2023\/03\/profilowe-2-scaled.jpg 1670w\" sizes=\"(max-width: 668px) 100vw, 668px\" \/><\/figure>\n<\/div>\n\n\n\n<div class=\"wp-block-column is-vertically-aligned-top is-layout-flow\">\n<ul class=\"has-small-font-size\">\n<li><strong>Do\u015bwiadczony trener<\/strong> w konwersacyjnym nauczaniu j\u0119z. angielskiego og\u00f3lnego, bran\u017cowego, akademickiego oraz prawniczego.<br><br><\/li>\n\n\n\n<li>Prowadz\u0119 zaj\u0119cia dla profesjonalist\u00f3w r\u00f3\u017cnych bran\u017c w tym dla kadry zarz\u0105dzaj\u0105cej &#8211; <strong>sprzeda\u017c, marketing i zarz\u0105dzanie, HR, administracja i prawo oraz in\u017cynieria l\u0105dowa<\/strong>.<br><br><\/li>\n\n\n\n<li>\u015awiadcz\u0119 te\u017c t\u0142umaczenia i korekty tekst\u00f3w u\u017cytkowych i specjalistycznych.<br><br><\/li>\n\n\n\n<li>Posiadam <strong>wieloletnie do\u015bwiadczenie reali\u00f3w \u017cycia oraz pracy w Anglii<\/strong> &#8211; stanowisko kierownicze w obs\u0142udze klienta i HR oraz studia psychologiczne w j\u0119z. angielskim na Uniwersytecie Londy\u0144skim.<br><\/li>\n<\/ul>\n<\/div>\n<\/div>\n\n\n\n<ul class=\"has-small-font-size\">\n<li>W swoim sposobie nauczania \u0142\u0105cz\u0119 do\u015bwiadczenie w prowadzeniu biznesu oraz HR z wiedz\u0105 w temacie relacji mi\u0119dzyludzkich, efektywn\u0105 komunikacj\u0105 oraz rozwojem osobistym.<br><br><\/li>\n<\/ul>\n\n\n\n<figure class=\"wp-block-image aligncenter size-full is-resized\"><img decoding=\"async\" loading=\"lazy\" src=\"http:\/\/www.omni-lexis.pl\/pp_wordpress\/wp-content\/uploads\/2023\/04\/londyn.png\" alt=\"\" class=\"wp-image-346\" width=\"275\" height=\"113\" srcset=\"http:\/\/www.omni-lexis.pl\/wp-content\/uploads\/2023\/04\/londyn.png 550w, http:\/\/www.omni-lexis.pl\/wp-content\/uploads\/2023\/04\/londyn-300x123.png 300w\" sizes=\"(max-width: 275px) 100vw, 275px\" \/><\/figure>\n\n\n\n<div style=\"height:50px\" aria-hidden=\"true\" class=\"wp-block-spacer\"><\/div>\n\n\n\n<div class=\"wp-block-columns is-layout-flex wp-container-6\">\n<div class=\"wp-block-column is-layout-flow\">\n<p class=\"has-text-align-left has-small-font-size\">   Moja droga w nauczaniu j\u0119zyka angielskiego zacz\u0119\u0142a si\u0119 wiele lat temu w Londynie. Jako pracownik kina oraz student pomaga\u0142am ulepszy\u0107 umiej\u0119tno\u015bci j\u0119zykowe londy\u0144skiej polonii.<br> <\/p>\n\n\n\n<p class=\"has-text-align-left has-small-font-size\">   Matur\u0119 z j\u0119zyka angielskiego zda\u0142am w Polsce za\u015b prawdziw\u0105 zdolno\u015b\u0107 j\u0119zykow\u0105 wypracowa\u0142am w Anglii na przestrzeni 14 lat. Dzi\u0119ki do\u015bwiadczeniu tych dw\u00f3ch bardzo odmiennych reali\u00f3w bardzo dobrze rozumiem problemy lingwistyczne, z kt\u00f3rymi borykamy si\u0119 w Polsce. <br><\/p>\n\n\n\n<p class=\"has-text-align-left has-small-font-size\">   Po powrocie do Polski zrozumia\u0142am, \u017ce nauczanie j\u0119zyka angielskiego jest moim powo\u0142aniem. Zar\u00f3wno dzielenie si\u0119 nabyt\u0105 praktyczn\u0105 wiedz\u0105 jak i rozw\u00f3j umiej\u0119tno\u015bci j\u0119zykowych os\u00f3b, kt\u00f3re ucz\u0119 przynosi mi prawdziw\u0105 satysfakcj\u0119. <br><\/p>\n\n\n\n<p class=\"has-text-align-left has-small-font-size\">   Moje kompetencje poszerzam obecnie o przygotowania do<strong> egzaminu na t\u0142umacza przysi\u0119g\u0142ego.<\/strong><br><br><br><\/p>\n<\/div>\n\n\n\n<div class=\"wp-block-column is-layout-flow\">\n<figure class=\"wp-block-image size-full\"><img decoding=\"async\" loading=\"lazy\" width=\"500\" height=\"750\" src=\"http:\/\/www.omni-lexis.pl\/pp_wordpress\/wp-content\/uploads\/2023\/03\/o_mnie_2v1.png\" alt=\"\" class=\"wp-image-203\" srcset=\"http:\/\/www.omni-lexis.pl\/wp-content\/uploads\/2023\/03\/o_mnie_2v1.png 500w, http:\/\/www.omni-lexis.pl\/wp-content\/uploads\/2023\/03\/o_mnie_2v1-200x300.png 200w\" sizes=\"(max-width: 500px) 100vw, 500px\" \/><\/figure>\n<\/div>\n<\/div>\n\n\n\n<p class=\"has-small-font-size\"><\/p>\n","protected":false},"excerpt":{"rendered":"<p>Nauczanie j\u0119zyka angielskiego jest moj\u0105 pasj\u0105. Bardzo istotny jest dla mnie efektywny rozw\u00f3j Twoich umiej\u0119tno\u015bci j\u0119zykowych &#8211; zawsze mo\u017cesz liczy\u0107 na moje zaanga\u017cowanie, wsparcie oraz elastyczno\u015b\u0107. Moja droga w nauczaniu j\u0119zyka angielskiego zacz\u0119\u0142a si\u0119 wiele lat temu w Londynie. Jako pracownik kina oraz student pomaga\u0142am ulepszy\u0107 umiej\u0119tno\u015bci j\u0119zykowe londy\u0144skiej polonii. Matur\u0119 z j\u0119zyka angielskiego zda\u0142am [&hellip;]<\/p>\n","protected":false},"author":1,"featured_media":0,"parent":0,"menu_order":0,"comment_status":"closed","ping_status":"closed","template":"","meta":[],"_links":{"self":[{"href":"http:\/\/www.omni-lexis.pl\/index.php\/wp-json\/wp\/v2\/pages\/23"}],"collection":[{"href":"http:\/\/www.omni-lexis.pl\/index.php\/wp-json\/wp\/v2\/pages"}],"about":[{"href":"http:\/\/www.omni-lexis.pl\/index.php\/wp-json\/wp\/v2\/types\/page"}],"author":[{"embeddable":true,"href":"http:\/\/www.omni-lexis.pl\/index.php\/wp-json\/wp\/v2\/users\/1"}],"replies":[{"embeddable":true,"href":"http:\/\/www.omni-lexis.pl\/index.php\/wp-json\/wp\/v2\/comments?post=23"}],"version-history":[{"count":60,"href":"http:\/\/www.omni-lexis.pl\/index.php\/wp-json\/wp\/v2\/pages\/23\/revisions"}],"predecessor-version":[{"id":382,"href":"http:\/\/www.omni-lexis.pl\/index.php\/wp-json\/wp\/v2\/pages\/23\/revisions\/382"}],"wp:attachment":[{"href":"http:\/\/www.omni-lexis.pl\/index.php\/wp-json\/wp\/v2\/media?parent=23"}],"curies":[{"name":"wp","href":"https:\/\/api.w.org\/{rel}","templated":true}]}}